{"id":137,"date":"2020-04-16T13:06:24","date_gmt":"2020-04-16T11:06:24","guid":{"rendered":"https:\/\/kcacademia.sav.sk\/en\/?page_id=137"},"modified":"2023-08-14T11:41:37","modified_gmt":"2023-08-14T09:41:37","slug":"contact","status":"publish","type":"page","link":"https:\/\/kcacademia.sav.sk\/en\/basic-information\/contact\/","title":{"rendered":"Contact"},"content":{"rendered":"<p><b>Address:<\/b><br \/>\nKongresov\u00e9 centrum SAV ACADEMIA<br \/>\nStar\u00e1 Lesn\u00e1 \u010d.176<br \/>\n059 60 Tatransk\u00e1 Lomnica<br \/>\nSlovak republic<\/p>\n<p>&nbsp;<\/p>\n<p><b>Reception:<\/b><br \/>\nphone: +421 \/ 52 \/ 4467 464-6<br \/>\nfax: +421 \/ 52 \/ 4467 275<br \/>\ne-mail: recepcia@kcacademia.sk<\/p>\n<p>&nbsp;<\/p>\n<p><strong>Map<\/strong><br \/>\n<iframe loading=\"lazy\" style=\"border: 0;\" src=\"https:\/\/www.google.com\/maps?q=49\u00b09'6''N 20\u00b017'13''E&amp;output=embed\" name=\"mapa\" width=\"600\" height=\"450\" frameborder=\"0\" allowfullscreen=\"allowfullscreen\"><\/iframe><\/p>\n","protected":false},"excerpt":{"rendered":"<p>Address: Kongresov\u00e9 centrum SAV ACADEMIA Star\u00e1 Lesn\u00e1 \u010d.176 059 60 Tatransk\u00e1 Lomnica Slovak republic &nbsp; Reception: phone: +421 \/ 52 \/ 4467 464-6 fax: +421&#8230;<\/p>\n","protected":false},"author":1,"featured_media":0,"parent":219,"menu_order":100,"comment_status":"closed","ping_status":"closed","template":"","meta":{"_monsterinsights_skip_tracking":false,"_monsterinsights_sitenote_active":false,"_monsterinsights_sitenote_note":"","_monsterinsights_sitenote_category":0,"footnotes":""},"class_list":["post-137","page","type-page","status-publish","hentry"],"_links":{"self":[{"href":"https:\/\/kcacademia.sav.sk\/en\/wp-json\/wp\/v2\/pages\/137"}],"collection":[{"href":"https:\/\/kcacademia.sav.sk\/en\/wp-json\/wp\/v2\/pages"}],"about":[{"href":"https:\/\/kcacademia.sav.sk\/en\/wp-json\/wp\/v2\/types\/page"}],"author":[{"embeddable":true,"href":"https:\/\/kcacademia.sav.sk\/en\/wp-json\/wp\/v2\/users\/1"}],"replies":[{"embeddable":true,"href":"https:\/\/kcacademia.sav.sk\/en\/wp-json\/wp\/v2\/comments?post=137"}],"version-history":[{"count":5,"href":"https:\/\/kcacademia.sav.sk\/en\/wp-json\/wp\/v2\/pages\/137\/revisions"}],"predecessor-version":[{"id":497,"href":"https:\/\/kcacademia.sav.sk\/en\/wp-json\/wp\/v2\/pages\/137\/revisions\/497"}],"up":[{"embeddable":true,"href":"https:\/\/kcacademia.sav.sk\/en\/wp-json\/wp\/v2\/pages\/219"}],"wp:attachment":[{"href":"https:\/\/kcacademia.sav.sk\/en\/wp-json\/wp\/v2\/media?parent=137"}],"curies":[{"name":"wp","href":"https:\/\/api.w.org\/{rel}","templated":true}]}}